{"id":132,"date":"2017-09-12T16:16:07","date_gmt":"2017-09-12T14:16:07","guid":{"rendered":"http:\/\/domaine-de-salagriffe.com\/?page_id=132"},"modified":"2023-06-10T10:01:05","modified_gmt":"2023-06-10T08:01:05","slug":"gites","status":"publish","type":"page","link":"https:\/\/domaine-de-salagriffe.com\/index.php\/gites\/","title":{"rendered":"G\u00eetes"},"content":{"rendered":"\n<div class=\"wp-block-media-text alignwide is-stacked-on-mobile\"><figure class=\"wp-block-media-text__media\"><a href=\"http:\/\/domaine-de-salagriffe.com\/index.php\/gites\/bergerie-du-lauquet\/\"><img decoding=\"async\" loading=\"lazy\" width=\"1024\" height=\"683\" src=\"http:\/\/domaine-de-salagriffe.com\/wp-content\/uploads\/2022\/10\/maison-hiver-1024x683.jpg\" alt=\"\" class=\"wp-image-326 size-full\" srcset=\"https:\/\/domaine-de-salagriffe.com\/wp-content\/uploads\/2022\/10\/maison-hiver-1024x683.jpg 1024w, https:\/\/domaine-de-salagriffe.com\/wp-content\/uploads\/2022\/10\/maison-hiver-300x200.jpg 300w, https:\/\/domaine-de-salagriffe.com\/wp-content\/uploads\/2022\/10\/maison-hiver-768x512.jpg 768w, https:\/\/domaine-de-salagriffe.com\/wp-content\/uploads\/2022\/10\/maison-hiver-1536x1024.jpg 1536w, https:\/\/domaine-de-salagriffe.com\/wp-content\/uploads\/2022\/10\/maison-hiver-2048x1365.jpg 2048w, https:\/\/domaine-de-salagriffe.com\/wp-content\/uploads\/2022\/10\/maison-hiver-1000x667.jpg 1000w\" sizes=\"(max-width: 1024px) 100vw, 1024px\" \/><\/a><\/figure><div class=\"wp-block-media-text__content\">\n<p><a href=\"http:\/\/domaine-de-salagriffe.com\/index.php\/gites\/bergerie-du-lauquet\/\"><strong>La bergerie du lauquet<\/strong><\/a><\/p>\n\n\n\n<p>Maison authentique pour 10 personnes<\/p>\n<\/div><\/div>\n\n\n\n<div style=\"height:50px\" aria-hidden=\"true\" class=\"wp-block-spacer\"><\/div>\n\n\n\n<div class=\"wp-block-media-text alignwide is-stacked-on-mobile\"><figure class=\"wp-block-media-text__media\"><a href=\"https:\/\/domaine-de-salagriffe.com\/index.php\/gites\/lemilobre\/\"><img decoding=\"async\" loading=\"lazy\" width=\"1024\" height=\"683\" src=\"http:\/\/domaine-de-salagriffe.com\/wp-content\/uploads\/2019\/02\/42e64f2c-1fc8-49be-8ec7-2fdafca115db-1024x683.jpg\" alt=\"\" class=\"wp-image-291 size-full\" srcset=\"https:\/\/domaine-de-salagriffe.com\/wp-content\/uploads\/2019\/02\/42e64f2c-1fc8-49be-8ec7-2fdafca115db-1024x683.jpg 1024w, https:\/\/domaine-de-salagriffe.com\/wp-content\/uploads\/2019\/02\/42e64f2c-1fc8-49be-8ec7-2fdafca115db-300x200.jpg 300w, https:\/\/domaine-de-salagriffe.com\/wp-content\/uploads\/2019\/02\/42e64f2c-1fc8-49be-8ec7-2fdafca115db-768x512.jpg 768w, https:\/\/domaine-de-salagriffe.com\/wp-content\/uploads\/2019\/02\/42e64f2c-1fc8-49be-8ec7-2fdafca115db-1000x667.jpg 1000w, https:\/\/domaine-de-salagriffe.com\/wp-content\/uploads\/2019\/02\/42e64f2c-1fc8-49be-8ec7-2fdafca115db.jpg 1440w\" sizes=\"(max-width: 1024px) 100vw, 1024px\" \/><\/a><\/figure><div class=\"wp-block-media-text__content\">\n<p><a href=\"http:\/\/domaine-de-salagriffe.com\/index.php\/gites\/lemilobre\/\"><strong>Le milobre<\/strong><\/a><\/p>\n\n\n\n<p>Maison pour 6 personnes<\/p>\n<\/div><\/div>\n\n\n\n<div style=\"height:50px\" aria-hidden=\"true\" class=\"wp-block-spacer\"><\/div>\n\n\n\n<div class=\"wp-block-media-text alignwide is-stacked-on-mobile\"><figure class=\"wp-block-media-text__media\"><a href=\"https:\/\/domaine-de-salagriffe.com\/index.php\/gites\/le-petit-milobre\/\"><img decoding=\"async\" loading=\"lazy\" width=\"1024\" height=\"768\" src=\"http:\/\/domaine-de-salagriffe.com\/wp-content\/uploads\/2017\/09\/SL270464-1024x768.jpg\" alt=\"\" class=\"wp-image-194 size-full\" srcset=\"https:\/\/domaine-de-salagriffe.com\/wp-content\/uploads\/2017\/09\/SL270464-1024x768.jpg 1024w, https:\/\/domaine-de-salagriffe.com\/wp-content\/uploads\/2017\/09\/SL270464-300x225.jpg 300w, https:\/\/domaine-de-salagriffe.com\/wp-content\/uploads\/2017\/09\/SL270464-768x576.jpg 768w, https:\/\/domaine-de-salagriffe.com\/wp-content\/uploads\/2017\/09\/SL270464-1000x750.jpg 1000w\" sizes=\"(max-width: 1024px) 100vw, 1024px\" \/><\/a><\/figure><div class=\"wp-block-media-text__content\">\n<p><a href=\"https:\/\/domaine-de-salagriffe.com\/index.php\/gites\/le-petit-milobre\/\"><strong>Le petit milobre<\/strong><\/a><\/p>\n\n\n\n<p>Studio pour deux personnes<\/p>\n<\/div><\/div>\n\n\n\n<div style=\"height:50px\" aria-hidden=\"true\" class=\"wp-block-spacer\"><\/div>\n\n\n\n<div class=\"wp-block-media-text alignwide is-stacked-on-mobile\"><figure class=\"wp-block-media-text__media\"><a href=\"https:\/\/domaine-de-salagriffe.com\/index.php\/la-grande-maison\/\"><img decoding=\"async\" loading=\"lazy\" width=\"1024\" height=\"680\" src=\"http:\/\/domaine-de-salagriffe.com\/wp-content\/uploads\/2017\/11\/DSC_9481-1024x680.jpg\" alt=\"\" class=\"wp-image-242 size-full\" srcset=\"https:\/\/domaine-de-salagriffe.com\/wp-content\/uploads\/2017\/11\/DSC_9481-1024x680.jpg 1024w, https:\/\/domaine-de-salagriffe.com\/wp-content\/uploads\/2017\/11\/DSC_9481-300x199.jpg 300w, https:\/\/domaine-de-salagriffe.com\/wp-content\/uploads\/2017\/11\/DSC_9481-768x510.jpg 768w, https:\/\/domaine-de-salagriffe.com\/wp-content\/uploads\/2017\/11\/DSC_9481-1000x664.jpg 1000w\" sizes=\"(max-width: 1024px) 100vw, 1024px\" \/><\/a><\/figure><div class=\"wp-block-media-text__content\">\n<p><strong><a href=\"https:\/\/domaine-de-salagriffe.com\/index.php\/la-grande-maison\/\">La grande maison<\/a><\/strong><\/p>\n\n\n\n<p>Maison de haut standing pour 12 personnes<br>Enti\u00e8rement \u00e9quip\u00e9e et piscine privative.<\/p>\n<\/div><\/div>\n","protected":false},"excerpt":{"rendered":"<p>La bergerie du lauquet Maison authentique pour 10 personnes Le milobre Maison pour 6 personnes Le petit milobre Studio pour deux personnes La grande maison Maison de haut standing pour 12 personnesEnti\u00e8rement \u00e9quip\u00e9e et piscine privative.<\/p>\n","protected":false},"author":2,"featured_media":144,"parent":0,"menu_order":0,"comment_status":"closed","ping_status":"closed","template":"","meta":[],"_links":{"self":[{"href":"https:\/\/domaine-de-salagriffe.com\/index.php\/wp-json\/wp\/v2\/pages\/132"}],"collection":[{"href":"https:\/\/domaine-de-salagriffe.com\/index.php\/wp-json\/wp\/v2\/pages"}],"about":[{"href":"https:\/\/domaine-de-salagriffe.com\/index.php\/wp-json\/wp\/v2\/types\/page"}],"author":[{"embeddable":true,"href":"https:\/\/domaine-de-salagriffe.com\/index.php\/wp-json\/wp\/v2\/users\/2"}],"replies":[{"embeddable":true,"href":"https:\/\/domaine-de-salagriffe.com\/index.php\/wp-json\/wp\/v2\/comments?post=132"}],"version-history":[{"count":39,"href":"https:\/\/domaine-de-salagriffe.com\/index.php\/wp-json\/wp\/v2\/pages\/132\/revisions"}],"predecessor-version":[{"id":404,"href":"https:\/\/domaine-de-salagriffe.com\/index.php\/wp-json\/wp\/v2\/pages\/132\/revisions\/404"}],"wp:featuredmedia":[{"embeddable":true,"href":"https:\/\/domaine-de-salagriffe.com\/index.php\/wp-json\/wp\/v2\/media\/144"}],"wp:attachment":[{"href":"https:\/\/domaine-de-salagriffe.com\/index.php\/wp-json\/wp\/v2\/media?parent=132"}],"curies":[{"name":"wp","href":"https:\/\/api.w.org\/{rel}","templated":true}]}}