{"id":7,"date":"2017-09-10T13:32:35","date_gmt":"2017-09-10T11:32:35","guid":{"rendered":"http:\/\/domaine-de-salagriffe.com\/?page_id=7"},"modified":"2023-06-10T22:37:37","modified_gmt":"2023-06-10T20:37:37","slug":"accueil","status":"publish","type":"page","link":"https:\/\/domaine-de-salagriffe.com\/","title":{"rendered":"Domaine de Salagriffe"},"content":{"rendered":"\n<figure class=\"wp-block-video\"><video autoplay controls src=\"http:\/\/domaine-de-salagriffe.com\/wp-content\/uploads\/2023\/06\/Salagriffe-New.mp4\"><\/video><\/figure>\n\n\n<p>\u00a0<\/p>\n<p>Bienvenue dans un domaine priv\u00e9 de 250 hectares.<\/p>\n<p>Nous vous accueillons toute l&rsquo;ann\u00e9e dans un hameau de 4 maisons bien distinctes. Le hameau de Salagriffe, altitude de 600m, est cit\u00e9 depuis le Moyen-Age (www.boissa.fr). Il d\u00e9pend de la commune de Bouisse qui poss\u00e8de un ch\u00e2teau et une \u00e9glise du 13\u00e8me si\u00e8cle.<\/p>\n<p>Salagriffe est le paradis des randonneurs avec ses 27kms de piste et des points de vue en altitude \u00e0 couper le souffle. C&rsquo;est l&rsquo;endroit id\u00e9al pour passer un s\u00e9jour calme et coup\u00e9 du monde.<\/p>\n<p>Salagriffe est en plein c\u0153ur de la r\u00e9gion naturelle des Corbi\u00e8res. La nature y est pr\u00e9serv\u00e9e et authentique. L&rsquo;isolement des lieux est la garantie de la qui\u00e9tude.<\/p>\n<p>L&rsquo;acc\u00e8s au domaine se fait par un piste entretenue de 4kms o\u00f9 vous croiserez peut-\u00eatre sangliers et chevreuils.<\/p>\n<p>Arriv\u00e9s au domaine, vous serez enchant\u00e9s par le lac et les paysages sauvages, compos\u00e9s de p\u00e2turages, de forets de r\u00e9sineux, h\u00eatres et ch\u00eanes. Le lac est accessible pour la promenade et la d\u00e9tente.<\/p>\n<p>Les maisons peuvent \u00eatre \u00e9galement occup\u00e9es simultan\u00e9ment pour des groupes plus importants. Un chien est admis pour autant qu&rsquo;il ne perturbe pas la qui\u00e9tude des lieux. Les villes les plus proches sont Couiza (35min), Limoux (40min) et Carcassonne (50min).<\/p>\n<p>A proximit\u00e9:<\/p>\n<ul>\n<li>Carcassonne et sa cit\u00e9 m\u00e9di\u00e9vale<\/li>\n<li>Les ch\u00e2teaux du Pays Cathare<\/li>\n<li>Les productions vinicoles et coop\u00e9ratives<\/li>\n<li>Les gorges de Galamus<\/li>\n<li>Narbonne et ses plages<\/li>\n<li>Sports nautiques, rafting, canyoning<\/li>\n<li>Le Canal du Midi<\/li>\n<li>Les march\u00e9s locaux \u00e0 Esperaza, Limoux, &#8230;<\/li>\n<\/ul>","protected":false},"excerpt":{"rendered":"<p>\u00a0 Bienvenue dans un domaine priv\u00e9 de 250 hectares. Nous vous accueillons toute l&rsquo;ann\u00e9e dans un hameau de 4 maisons bien distinctes. Le hameau de Salagriffe, altitude de 600m, est cit\u00e9 depuis le Moyen-Age (www.boissa.fr). Il d\u00e9pend de la commune de Bouisse qui poss\u00e8de un ch\u00e2teau et une \u00e9glise du 13\u00e8me si\u00e8cle. Salagriffe est le [&hellip;]<\/p>\n","protected":false},"author":1,"featured_media":241,"parent":0,"menu_order":0,"comment_status":"closed","ping_status":"closed","template":"","meta":[],"_links":{"self":[{"href":"https:\/\/domaine-de-salagriffe.com\/index.php\/wp-json\/wp\/v2\/pages\/7"}],"collection":[{"href":"https:\/\/domaine-de-salagriffe.com\/index.php\/wp-json\/wp\/v2\/pages"}],"about":[{"href":"https:\/\/domaine-de-salagriffe.com\/index.php\/wp-json\/wp\/v2\/types\/page"}],"author":[{"embeddable":true,"href":"https:\/\/domaine-de-salagriffe.com\/index.php\/wp-json\/wp\/v2\/users\/1"}],"replies":[{"embeddable":true,"href":"https:\/\/domaine-de-salagriffe.com\/index.php\/wp-json\/wp\/v2\/comments?post=7"}],"version-history":[{"count":24,"href":"https:\/\/domaine-de-salagriffe.com\/index.php\/wp-json\/wp\/v2\/pages\/7\/revisions"}],"predecessor-version":[{"id":431,"href":"https:\/\/domaine-de-salagriffe.com\/index.php\/wp-json\/wp\/v2\/pages\/7\/revisions\/431"}],"wp:featuredmedia":[{"embeddable":true,"href":"https:\/\/domaine-de-salagriffe.com\/index.php\/wp-json\/wp\/v2\/media\/241"}],"wp:attachment":[{"href":"https:\/\/domaine-de-salagriffe.com\/index.php\/wp-json\/wp\/v2\/media?parent=7"}],"curies":[{"name":"wp","href":"https:\/\/api.w.org\/{rel}","templated":true}]}}